{"id":134953,"date":"2020-09-08T10:32:33","date_gmt":"2020-09-08T17:32:33","guid":{"rendered":"https:\/\/calmatters.org\/?page_id=134953"},"modified":"2020-10-28T11:50:19","modified_gmt":"2020-10-28T18:50:19","slug":"carreras-del-congreso-de-california","status":"publish","type":"page","link":"https:\/\/calmatters.org\/_es\/election-2020-guide\/california-congressional-races\/","title":{"rendered":"Congreso: Las carreras a seguir"},"content":{"rendered":"<p>A todo el mundo le gusta una buena revancha.<\/p>\n\n\n\n<p>\u00bfRecuerdan la \u201cola azul\u201d de 2018, cuando un grupo de novatos pol\u00edticos que odiaban a Trump desbancaron a la mitad de los esca\u00f1os republicanos en el Congreso de California en el mayor bombardeo dem\u00f3crata a nivel nacional desde Watergate? Ahora los dem\u00f3cratas quieren proteger lo que es suyo y recuperar un esca\u00f1o que perdi\u00f3 durante una elecci\u00f3n especial. Alentados por la persistente impopularidad del presidente en el estado y la alta participaci\u00f3n esperada, los optimistas del partido incluso esperan expandirse a\u00fan m\u00e1s hacia la California rural s\u00f3lidamente republicana.<\/p>\n\n\n\n<p>Pero los dem\u00f3cratas novatos de California ahora tienen un historial: en el impeachment, Medicare para todos, el Green New Deal, la justicia penal y su aparente cercan\u00eda con la presidenta de la C\u00e1mara de Representantes, Nancy Pelosi. Los republicanos planean presionarlos al respecto. A continuaci\u00f3n, un resumen de los concursos m\u00e1s competitivos, interesantes o trascendentales.<\/p>\n\n\n\n<p><strong>\u2014 Por Ben Christopher<\/strong><\/p>","protected":false},"excerpt":{"rendered":"<p>Everyone likes a good rematch. Remember the \u201cblue wave\u201d in 2018, when a pack of Trump-loathing political newbies unseated half of the GOP\u2019s California congressional seats in the largest nationwide Democratic Congressional blitz since Watergate? Now Democrats want to protect what\u2019s theirs and claw back a seat that flipped back during a special election. Buoyed [&hellip;]<\/p>\n","protected":false},"author":151,"featured_media":135235,"parent":134921,"menu_order":0,"comment_status":"closed","ping_status":"closed","template":"page-elections-2020.php","meta":{"_acf_changed":false,"_stopmodifiedupdate":false,"_modified_date":"","newspack_ads_suppress_ads":false,"newspack_popups_has_disabled_popups":false,"newspack_sponsor_sponsorship_scope":"","newspack_sponsor_native_byline_display":"inherit","newspack_sponsor_native_category_display":"inherit","newspack_sponsor_underwriter_style":"inherit","newspack_sponsor_underwriter_placement":"inherit","newspack_content_restriction_is_exempt":false,"newspack_featured_image_position":"","newspack_hide_page_title":false,"newspack_show_share_buttons":false,"footnotes":""},"newspack_spnsrs_tax":[],"coauthors":[22157,4166],"class_list":["post-134953","page","type-page","status-publish","has-post-thumbnail","hentry","entry"],"acf":[],"yoast_head":"<!-- This site is optimized with the Yoast SEO Premium plugin v27.3 (Yoast SEO v27.3) - https:\/\/yoast.com\/product\/yoast-seo-premium-wordpress\/ -->\n<title>Congress: The races to watch<\/title>\n<meta name=\"robots\" content=\"index, follow, max-snippet:-1, max-image-preview:large, max-video-preview:-1\" \/>\n<link rel=\"canonical\" href=\"https:\/\/calmatters.org\/_es\/guia-electoral-2020-2\/carreras-del-congreso-de-california\/\" \/>\n<meta property=\"og:locale\" content=\"es_MX\" \/>\n<meta property=\"og:type\" content=\"article\" \/>\n<meta property=\"og:title\" content=\"Congress: The races to watch\" \/>\n<meta property=\"og:description\" content=\"Everyone likes a good rematch. Remember the \u201cblue wave\u201d in 2018, when a pack of Trump-loathing political newbies unseated half of the GOP\u2019s California congressional seats in the largest nationwide Democratic Congressional blitz since Watergate? Now Democrats want to protect what\u2019s theirs and claw back a seat that flipped back during a special election. Buoyed [&hellip;]\" \/>\n<meta property=\"og:url\" content=\"https:\/\/calmatters.org\/_es\/guia-electoral-2020-2\/carreras-del-congreso-de-california\/\" \/>\n<meta property=\"og:site_name\" content=\"CalMatters\" \/>\n<meta property=\"article:publisher\" content=\"https:\/\/www.facebook.com\/calmatters\/\" \/>\n<meta property=\"article:published_time\" content=\"2020-09-08T17:32:33+00:00\" \/>\n<meta property=\"article:modified_time\" content=\"2020-10-28T18:50:19+00:00\" \/>\n<meta property=\"og:image\" content=\"https:\/\/i0.wp.com\/calmatters.org\/wp-content\/uploads\/2020\/09\/National-Congress.png?fit=1200%2C675&ssl=1\" \/>\n\t<meta property=\"og:image:width\" content=\"1200\" \/>\n\t<meta property=\"og:image:height\" content=\"675\" \/>\n\t<meta property=\"og:image:type\" content=\"image\/png\" \/>\n<meta name=\"twitter:card\" content=\"summary_large_image\" \/>\n<meta name=\"twitter:site\" content=\"@CalMatters\" \/>\n<meta name=\"twitter:label1\" content=\"Tiempo de lectura\" \/>\n\t<meta name=\"twitter:data1\" content=\"1 minuto\" \/>\n\t<meta name=\"twitter:label2\" content=\"Written by\" \/>\n\t<meta name=\"twitter:data2\" content=\"CalMatters Staff, Ben Christopher\" \/>\n<script type=\"application\/ld+json\" class=\"yoast-schema-graph\">{\"@context\":\"https:\\\/\\\/schema.org\",\"@graph\":[{\"@type\":\"WebPage\",\"@id\":\"https:\\\/\\\/calmatters.org\\\/election-2020-guide\\\/california-congressional-races\\\/\",\"url\":\"https:\\\/\\\/calmatters.org\\\/election-2020-guide\\\/california-congressional-races\\\/\",\"name\":\"Congress: The races to watch\",\"isPartOf\":{\"@id\":\"https:\\\/\\\/calmatters.org\\\/#website\"},\"primaryImageOfPage\":{\"@id\":\"https:\\\/\\\/calmatters.org\\\/election-2020-guide\\\/california-congressional-races\\\/#primaryimage\"},\"image\":{\"@id\":\"https:\\\/\\\/calmatters.org\\\/election-2020-guide\\\/california-congressional-races\\\/#primaryimage\"},\"thumbnailUrl\":\"https:\\\/\\\/i0.wp.com\\\/calmatters.org\\\/wp-content\\\/uploads\\\/2020\\\/09\\\/National-Congress.png?fit=1200%2C675&ssl=1\",\"datePublished\":\"2020-09-08T17:32:33+00:00\",\"dateModified\":\"2020-10-28T18:50:19+00:00\",\"breadcrumb\":{\"@id\":\"https:\\\/\\\/calmatters.org\\\/election-2020-guide\\\/california-congressional-races\\\/#breadcrumb\"},\"inLanguage\":\"es\",\"potentialAction\":[{\"@type\":\"ReadAction\",\"target\":[\"https:\\\/\\\/calmatters.org\\\/election-2020-guide\\\/california-congressional-races\\\/\"]}]},{\"@type\":\"ImageObject\",\"inLanguage\":\"es\",\"@id\":\"https:\\\/\\\/calmatters.org\\\/election-2020-guide\\\/california-congressional-races\\\/#primaryimage\",\"url\":\"https:\\\/\\\/i0.wp.com\\\/calmatters.org\\\/wp-content\\\/uploads\\\/2020\\\/09\\\/National-Congress.png?fit=1200%2C675&ssl=1\",\"contentUrl\":\"https:\\\/\\\/i0.wp.com\\\/calmatters.org\\\/wp-content\\\/uploads\\\/2020\\\/09\\\/National-Congress.png?fit=1200%2C675&ssl=1\",\"width\":1200,\"height\":675},{\"@type\":\"BreadcrumbList\",\"@id\":\"https:\\\/\\\/calmatters.org\\\/election-2020-guide\\\/california-congressional-races\\\/#breadcrumb\",\"itemListElement\":[{\"@type\":\"ListItem\",\"position\":1,\"name\":\"California Election 2020 Voter Guide\",\"item\":\"https:\\\/\\\/calmatters.org\\\/election-2020-guide\\\/\"},{\"@type\":\"ListItem\",\"position\":2,\"name\":\"Congress: The races to watch\"}]},{\"@type\":\"WebSite\",\"@id\":\"https:\\\/\\\/calmatters.org\\\/#website\",\"url\":\"https:\\\/\\\/calmatters.org\\\/\",\"name\":\"CalMatters\",\"description\":\"California, explained\",\"publisher\":{\"@id\":\"https:\\\/\\\/calmatters.org\\\/#organization\"},\"potentialAction\":[{\"@type\":\"SearchAction\",\"target\":{\"@type\":\"EntryPoint\",\"urlTemplate\":\"https:\\\/\\\/calmatters.org\\\/?s={search_term_string}\"},\"query-input\":{\"@type\":\"PropertyValueSpecification\",\"valueRequired\":true,\"valueName\":\"search_term_string\"}}],\"inLanguage\":\"es\"},{\"@type\":\"Organization\",\"@id\":\"https:\\\/\\\/calmatters.org\\\/#organization\",\"name\":\"CalMatters\",\"url\":\"https:\\\/\\\/calmatters.org\\\/\",\"logo\":{\"@type\":\"ImageObject\",\"inLanguage\":\"es\",\"@id\":\"https:\\\/\\\/calmatters.org\\\/#\\\/schema\\\/logo\\\/image\\\/\",\"url\":\"https:\\\/\\\/i0.wp.com\\\/calmatters.org\\\/wp-content\\\/uploads\\\/2019\\\/07\\\/calmatters-logo_2x.png?fit=488%2C82&ssl=1\",\"contentUrl\":\"https:\\\/\\\/i0.wp.com\\\/calmatters.org\\\/wp-content\\\/uploads\\\/2019\\\/07\\\/calmatters-logo_2x.png?fit=488%2C82&ssl=1\",\"width\":488,\"height\":82,\"caption\":\"CalMatters\"},\"image\":{\"@id\":\"https:\\\/\\\/calmatters.org\\\/#\\\/schema\\\/logo\\\/image\\\/\"},\"sameAs\":[\"https:\\\/\\\/www.facebook.com\\\/calmatters\\\/\",\"https:\\\/\\\/x.com\\\/CalMatters\",\"https:\\\/\\\/www.instagram.com\\\/calmatters\\\/\",\"https:\\\/\\\/www.linkedin.com\\\/company\\\/calmatters\\\/\",\"https:\\\/\\\/www.youtube.com\\\/calmatters\"],\"foundingDate\":\"2015-07-18\",\"numberOfEmployees\":{\"@type\":\"QuantitativeValue\",\"minValue\":\"51\",\"maxValue\":\"200\"},\"publishingPrinciples\":\"https:\\\/\\\/calmatters.org\\\/about\\\/policies-and-standards\\\/\",\"ownershipFundingInfo\":\"https:\\\/\\\/calmatters.org\\\/about\\\/funding\\\/\",\"ethicsPolicy\":\"https:\\\/\\\/calmatters.org\\\/about\\\/policies-and-standards\\\/\"}]}<\/script>\n<!-- \/ Yoast SEO Premium plugin. -->","yoast_head_json":{"title":"Congreso: Las carreras a seguir","robots":{"index":"index","follow":"follow","max-snippet":"max-snippet:-1","max-image-preview":"max-image-preview:large","max-video-preview":"max-video-preview:-1"},"canonical":"https:\/\/calmatters.org\/_es\/guia-electoral-2020-2\/carreras-del-congreso-de-california\/","og_locale":"es_MX","og_type":"article","og_title":"Congress: The races to watch","og_description":"Everyone likes a good rematch. Remember the \u201cblue wave\u201d in 2018, when a pack of Trump-loathing political newbies unseated half of the GOP\u2019s California congressional seats in the largest nationwide Democratic Congressional blitz since Watergate? Now Democrats want to protect what\u2019s theirs and claw back a seat that flipped back during a special election. Buoyed [&hellip;]","og_url":"https:\/\/calmatters.org\/_es\/guia-electoral-2020-2\/carreras-del-congreso-de-california\/","og_site_name":"CalMatters","article_publisher":"https:\/\/www.facebook.com\/calmatters\/","article_published_time":"2020-09-08T17:32:33+00:00","article_modified_time":"2020-10-28T18:50:19+00:00","og_image":[{"width":1200,"height":675,"url":"https:\/\/i0.wp.com\/calmatters.org\/wp-content\/uploads\/2020\/09\/National-Congress.png?fit=1200%2C675&ssl=1","type":"image\/png"}],"twitter_card":"summary_large_image","twitter_site":"@CalMatters","twitter_misc":{"Tiempo de lectura":"1 minuto","Written by":"CalMatters Staff, Ben Christopher"},"schema":{"@context":"https:\/\/schema.org","@graph":[{"@type":"WebPage","@id":"https:\/\/calmatters.org\/election-2020-guide\/california-congressional-races\/","url":"https:\/\/calmatters.org\/election-2020-guide\/california-congressional-races\/","name":"Congreso: Las carreras a seguir","isPartOf":{"@id":"https:\/\/calmatters.org\/#website"},"primaryImageOfPage":{"@id":"https:\/\/calmatters.org\/election-2020-guide\/california-congressional-races\/#primaryimage"},"image":{"@id":"https:\/\/calmatters.org\/election-2020-guide\/california-congressional-races\/#primaryimage"},"thumbnailUrl":"https:\/\/i0.wp.com\/calmatters.org\/wp-content\/uploads\/2020\/09\/National-Congress.png?fit=1200%2C675&ssl=1","datePublished":"2020-09-08T17:32:33+00:00","dateModified":"2020-10-28T18:50:19+00:00","breadcrumb":{"@id":"https:\/\/calmatters.org\/election-2020-guide\/california-congressional-races\/#breadcrumb"},"inLanguage":"es","potentialAction":[{"@type":"ReadAction","target":["https:\/\/calmatters.org\/election-2020-guide\/california-congressional-races\/"]}]},{"@type":"ImageObject","inLanguage":"es","@id":"https:\/\/calmatters.org\/election-2020-guide\/california-congressional-races\/#primaryimage","url":"https:\/\/i0.wp.com\/calmatters.org\/wp-content\/uploads\/2020\/09\/National-Congress.png?fit=1200%2C675&ssl=1","contentUrl":"https:\/\/i0.wp.com\/calmatters.org\/wp-content\/uploads\/2020\/09\/National-Congress.png?fit=1200%2C675&ssl=1","width":1200,"height":675},{"@type":"BreadcrumbList","@id":"https:\/\/calmatters.org\/election-2020-guide\/california-congressional-races\/#breadcrumb","itemListElement":[{"@type":"ListItem","position":1,"name":"California Election 2020 Voter Guide","item":"https:\/\/calmatters.org\/election-2020-guide\/"},{"@type":"ListItem","position":2,"name":"Congress: The races to watch"}]},{"@type":"WebSite","@id":"https:\/\/calmatters.org\/#website","url":"https:\/\/calmatters.org\/","name":"CalMatters","description":"California, explic\u00f3","publisher":{"@id":"https:\/\/calmatters.org\/#organization"},"potentialAction":[{"@type":"SearchAction","target":{"@type":"EntryPoint","urlTemplate":"https:\/\/calmatters.org\/?s={search_term_string}"},"query-input":{"@type":"PropertyValueSpecification","valueRequired":true,"valueName":"search_term_string"}}],"inLanguage":"es"},{"@type":"Organization","@id":"https:\/\/calmatters.org\/#organization","name":"CalMatters","url":"https:\/\/calmatters.org\/","logo":{"@type":"ImageObject","inLanguage":"es","@id":"https:\/\/calmatters.org\/#\/schema\/logo\/image\/","url":"https:\/\/i0.wp.com\/calmatters.org\/wp-content\/uploads\/2019\/07\/calmatters-logo_2x.png?fit=488%2C82&ssl=1","contentUrl":"https:\/\/i0.wp.com\/calmatters.org\/wp-content\/uploads\/2019\/07\/calmatters-logo_2x.png?fit=488%2C82&ssl=1","width":488,"height":82,"caption":"CalMatters"},"image":{"@id":"https:\/\/calmatters.org\/#\/schema\/logo\/image\/"},"sameAs":["https:\/\/www.facebook.com\/calmatters\/","https:\/\/x.com\/CalMatters","https:\/\/www.instagram.com\/calmatters\/","https:\/\/www.linkedin.com\/company\/calmatters\/","https:\/\/www.youtube.com\/calmatters"],"foundingDate":"2015-07-18","numberOfEmployees":{"@type":"QuantitativeValue","minValue":"51","maxValue":"200"},"publishingPrinciples":"https:\/\/calmatters.org\/about\/policies-and-standards\/","ownershipFundingInfo":"https:\/\/calmatters.org\/about\/funding\/","ethicsPolicy":"https:\/\/calmatters.org\/about\/policies-and-standards\/"}]}},"parsely":{"version":"1.1.0","canonical_url":"https:\/\/calmatters.org\/_es\/election-2020-guide\/california-congressional-races\/","smart_links":{"inbound":0,"outbound":0},"traffic_boost_suggestions_count":0,"meta":{"@context":"https:\/\/schema.org","@type":"WebPage","headline":"Congress: The races to watch","url":"http:\/\/calmatters.org\/_es\/election-2020-guide\/california-congressional-races\/","mainEntityOfPage":{"@type":"WebPage","@id":"http:\/\/calmatters.org\/_es\/election-2020-guide\/california-congressional-races\/"},"thumbnailUrl":"https:\/\/i0.wp.com\/calmatters.org\/wp-content\/uploads\/2020\/09\/National-Congress.png?resize=60%2C60&ssl=1","image":{"@type":"ImageObject","url":"https:\/\/i0.wp.com\/calmatters.org\/wp-content\/uploads\/2020\/09\/National-Congress.png?fit=1200%2C675&ssl=1"},"articleSection":"Uncategorized","author":[{"@type":"Person","name":"Personal de CalMatters"},{"@type":"Person","name":"Ben Christopher"}],"creator":["CalMatters Staff","Ben Christopher"],"publisher":{"@type":"Organization","name":"CalMatters","logo":"https:\/\/calmatters.org\/wp-content\/uploads\/2019\/07\/calmatters-logo_2x.png"},"keywords":[],"dateCreated":"2020-09-08T17:32:33Z","datePublished":"2020-09-08T17:32:33Z","dateModified":"2020-10-28T18:50:19Z"},"rendered":"<meta name=\"parsely-title\" content=\"Congress: The races to watch\" \/>\n<meta name=\"parsely-link\" content=\"http:\/\/calmatters.org\/_es\/election-2020-guide\/california-congressional-races\/\" \/>\n<meta name=\"parsely-type\" content=\"index\" \/>\n<meta name=\"parsely-image-url\" content=\"https:\/\/i0.wp.com\/calmatters.org\/wp-content\/uploads\/2020\/09\/National-Congress.png?resize=60%2C60&amp;ssl=1\" \/>\n<meta name=\"parsely-pub-date\" content=\"2020-09-08T17:32:33Z\" \/>\n<meta name=\"parsely-section\" content=\"Uncategorized\" \/>\n<meta name=\"parsely-author\" content=\"CalMatters Staff\" \/>\n<meta name=\"parsely-author\" content=\"Ben Christopher\" \/>","tracker_url":"https:\/\/cdn.parsely.com\/keys\/calmatters.org\/p.js"},"jetpack_sharing_enabled":true,"_links":{"self":[{"href":"https:\/\/calmatters.org\/_es\/wp-json\/wp\/v2\/pages\/134953","targetHints":{"allow":["GET"]}}],"collection":[{"href":"https:\/\/calmatters.org\/_es\/wp-json\/wp\/v2\/pages"}],"about":[{"href":"https:\/\/calmatters.org\/_es\/wp-json\/wp\/v2\/types\/page"}],"author":[{"embeddable":true,"href":"https:\/\/calmatters.org\/_es\/wp-json\/wp\/v2\/users\/151"}],"replies":[{"embeddable":true,"href":"https:\/\/calmatters.org\/_es\/wp-json\/wp\/v2\/comments?post=134953"}],"version-history":[{"count":63,"href":"https:\/\/calmatters.org\/_es\/wp-json\/wp\/v2\/pages\/134953\/revisions"}],"predecessor-version":[{"id":147096,"href":"https:\/\/calmatters.org\/_es\/wp-json\/wp\/v2\/pages\/134953\/revisions\/147096"}],"up":[{"embeddable":true,"href":"https:\/\/calmatters.org\/_es\/wp-json\/wp\/v2\/pages\/134921"}],"wp:featuredmedia":[{"embeddable":true,"href":"https:\/\/calmatters.org\/_es\/wp-json\/wp\/v2\/media\/135235"}],"wp:attachment":[{"href":"https:\/\/calmatters.org\/_es\/wp-json\/wp\/v2\/media?parent=134953"}],"wp:term":[{"taxonomy":"newspack_spnsrs_tax","embeddable":true,"href":"https:\/\/calmatters.org\/_es\/wp-json\/wp\/v2\/newspack_spnsrs_tax?post=134953"},{"taxonomy":"author","embeddable":true,"href":"https:\/\/calmatters.org\/_es\/wp-json\/wp\/v2\/coauthors?post=134953"}],"curies":[{"name":"Gracias","href":"https:\/\/api.w.org\/{rel}","templated":true}]}}